{"id":157,"date":"2019-12-06T12:47:46","date_gmt":"2019-12-06T12:47:46","guid":{"rendered":"http:\/\/ansichtssache-erfurt.de\/?page_id=157"},"modified":"2019-12-06T12:50:36","modified_gmt":"2019-12-06T12:50:36","slug":"stadtfuehrungen","status":"publish","type":"page","link":"https:\/\/ansichtssache-erfurt.de\/?page_id=157","title":{"rendered":"Stadtf\u00fchrungen"},"content":{"rendered":"<p>Neben&nbsp; meiner Arbeit als Autor und Musiker zeige ich Ihnen auch gern meine Heimatstadt.<\/p>\n<p>Vereinbaren Sie einen Termin telefonisch oder per E-Mail.<\/p>\n<p>Die Stadtrundg\u00e4nge f\u00fcr Gruppen (max. 25 Personen) und Einzelpersonen basieren auf den B\u00fcchern<br \/>\n\u201cErfurt. Rundg\u00e4nge durch die Geschichte\u201d und \u201cErfurt. Neue Rundg\u00e4nge durch die Geschichte\u201d<br \/>\n(beide im SuttonVerlag Erfurt erschienen).<\/p>\n<p>Sie k\u00f6nnen w\u00e4hlen:<\/p>\n<p><strong>1. G\u00e4rtnerkunst und Waidhandel in Erfurt<\/strong><br \/>\nDauer ca. 2 Stunden, Preis: 60,- \u20ac<\/p>\n<p><strong>2. Ber\u00fchmte Pers\u00f6nlichkeiten und ihr Aufenthalt in Erfurt<\/strong><br \/>\nDauer ca. 2 Stunden, Preis: 60,- \u20ac<\/p>\n<p><strong>3. Erschreckendes und Kurioses aus der Erfurter Stadtgeschichte<\/strong><br \/>\nDauer ca. 2 Stunden, Preis: 60,- \u20ac<\/p>\n<p><strong>4. Hopfen und Malz &#8211; auf den Spuren mittelalterlicher Braukunst<\/strong><br \/>\nDauer ca. 2 Stunden, Preis: 60,- \u20ac (ohne Einkehr)<br \/>\nBei Interesse vermittle ich gern den Besuch einer Gasthausbrauerei.<\/p>\n<p><strong>5. Das Universit\u00e4tsleben im mittelalterlichen Erfurt<\/strong><br \/>\nDauer ca. 2 Stunden, Preis: 60,- \u20ac<\/p>\n<p><strong>6. Entlang der Stadtmauer des 12. Jahrhundert<\/strong>s<br \/>\nDauer ca. 2 Stunden, Preis: 60,- \u20ac<\/p>\n<p><strong>7. Entlang der Stadtbefestigung aus dem 15. Jahrhundert<\/strong><br \/>\nDauer ca. 3 Stunden, Preis: 90,- \u20ac<\/p>\n<p><strong>8. Auf dem Petersberg<\/strong><br \/>\nDauer ca. 2 Stunden, Preis: 60,- \u20ac (ohne Besichtigung der Mineng\u00e4nge)<\/p>\n<p><strong>9. Von Gottesh\u00e4usern, T\u00fcrmen und Kl\u00f6stern<\/strong><br \/>\nDauer ca. 2 Stunden, Preis: 60,- \u20ac<\/p>\n<p><strong>10. Auf den Spuren der Industrialisierung<\/strong><br \/>\nDauer ca. 2 Stunden, Preis: 60,- \u20ac<\/p>\n<p><strong>11. Konspirative Treffpunkte der Stasi in Erfurt<\/strong><br \/>\nDauer ca. 2 Stunden, Preis: 60,- \u20ac<\/p>\n<p><strong>12. Das Glockenspiel im Bartholom\u00e4usturm &#8211; mit Anspielen des Carillons<\/strong><br \/>\nDauer ca 1 Stunde, Preis: 30,- \u20ac (aus Platzgr\u00fcnden max 10 Personen)<\/p>\n<p>Diesen Besuch sollten Sie wenigstens vier Wochen vorher anmelden!<\/p>\n<p>&nbsp;<\/p>\n<p>Gern k\u00f6nnen Sie auch eine Mischung aus einzelnen Rundg\u00e4ngen buchen.<\/p>\n<p>Ich freue mich auf Sie!<\/p>\n","protected":false},"excerpt":{"rendered":"<p>Neben&nbsp; meiner Arbeit als Autor und Musiker zeige ich Ihnen auch gern meine Heimatstadt. Vereinbaren Sie einen Termin telefonisch oder per E-Mail. Die Stadtrundg\u00e4nge f\u00fcr Gruppen (max. 25 Personen) und Einzelpersonen basieren auf den B\u00fcchern \u201cErfurt. Rundg\u00e4nge durch die Geschichte\u201d und \u201cErfurt. Neue Rundg\u00e4nge durch die Geschichte\u201d (beide im SuttonVerlag Erfurt erschienen). Sie k\u00f6nnen w\u00e4hlen: &hellip; <\/p>\n<p class=\"link-more\"><a href=\"https:\/\/ansichtssache-erfurt.de\/?page_id=157\" class=\"more-link\"><span class=\"screen-reader-text\">\u201eStadtf\u00fchrungen\u201c<\/span> weiterlesen<\/a><\/p>\n","protected":false},"author":1,"featured_media":0,"parent":0,"menu_order":0,"comment_status":"closed","ping_status":"closed","template":"","meta":{"ngg_post_thumbnail":0,"footnotes":""},"class_list":["post-157","page","type-page","status-publish","hentry"],"_links":{"self":[{"href":"https:\/\/ansichtssache-erfurt.de\/index.php?rest_route=\/wp\/v2\/pages\/157","targetHints":{"allow":["GET"]}}],"collection":[{"href":"https:\/\/ansichtssache-erfurt.de\/index.php?rest_route=\/wp\/v2\/pages"}],"about":[{"href":"https:\/\/ansichtssache-erfurt.de\/index.php?rest_route=\/wp\/v2\/types\/page"}],"author":[{"embeddable":true,"href":"https:\/\/ansichtssache-erfurt.de\/index.php?rest_route=\/wp\/v2\/users\/1"}],"replies":[{"embeddable":true,"href":"https:\/\/ansichtssache-erfurt.de\/index.php?rest_route=%2Fwp%2Fv2%2Fcomments&post=157"}],"version-history":[{"count":2,"href":"https:\/\/ansichtssache-erfurt.de\/index.php?rest_route=\/wp\/v2\/pages\/157\/revisions"}],"predecessor-version":[{"id":161,"href":"https:\/\/ansichtssache-erfurt.de\/index.php?rest_route=\/wp\/v2\/pages\/157\/revisions\/161"}],"wp:attachment":[{"href":"https:\/\/ansichtssache-erfurt.de\/index.php?rest_route=%2Fwp%2Fv2%2Fmedia&parent=157"}],"curies":[{"name":"wp","href":"https:\/\/api.w.org\/{rel}","templated":true}]}}